{"id":3251,"date":"2025-08-22T18:00:02","date_gmt":"2025-08-22T16:00:02","guid":{"rendered":"https:\/\/ratujemy.org\/?page_id=3251"},"modified":"2025-08-22T18:13:42","modified_gmt":"2025-08-22T16:13:42","slug":"projekt-bezpieczne-katowice","status":"publish","type":"page","link":"https:\/\/ratujemy.org\/index.php\/projekt-bezpieczne-katowice\/","title":{"rendered":"PROJEKT BEZPIECZNE KATOWICE"},"content":{"rendered":"\t\t<div data-elementor-type=\"wp-page\" data-elementor-id=\"3251\" class=\"elementor elementor-3251\" data-elementor-settings=\"{&quot;ha_cmc_init_switcher&quot;:&quot;no&quot;}\">\n\t\t\t\t\t\t<section class=\"has_eae_slider elementor-section elementor-top-section elementor-element elementor-element-74c0906 elementor-section-boxed elementor-section-height-default elementor-section-height-default exad-glass-effect-no jltma-glass-effect-no exad-sticky-section-no\" data-eae-slider=\"37329\" data-id=\"74c0906\" data-element_type=\"section\" data-settings=\"{&quot;_ha_eqh_enable&quot;:false}\">\n\t\t\t\t\t\t<div class=\"elementor-container elementor-column-gap-default\">\n\t\t\t\t\t<div class=\"has_eae_slider elementor-column elementor-col-100 elementor-top-column elementor-element elementor-element-2092d15 exad-glass-effect-no jltma-glass-effect-no exad-sticky-section-no\" data-eae-slider=\"24071\" data-id=\"2092d15\" data-element_type=\"column\">\n\t\t\t<div class=\"elementor-widget-wrap elementor-element-populated\">\n\t\t\t\t\t\t<div class=\"elementor-element elementor-element-5cd1fa9 jltma-glass-effect-no exad-sticky-section-no exad-glass-effect-no elementor-widget elementor-widget-image\" data-id=\"5cd1fa9\" data-element_type=\"widget\" data-widget_type=\"image.default\">\n\t\t\t\t<div class=\"elementor-widget-container\">\n\t\t\t\t\t\t\t\t\t\t\t\t\t\t\t<img fetchpriority=\"high\" decoding=\"async\" width=\"1080\" height=\"1350\" src=\"https:\/\/ratujemy.org\/wp-content\/uploads\/2025\/08\/2.png\" class=\"attachment-full size-full wp-image-3259\" alt=\"\" srcset=\"https:\/\/ratujemy.org\/wp-content\/uploads\/2025\/08\/2.png 1080w, https:\/\/ratujemy.org\/wp-content\/uploads\/2025\/08\/2-240x300.png 240w, https:\/\/ratujemy.org\/wp-content\/uploads\/2025\/08\/2-819x1024.png 819w, https:\/\/ratujemy.org\/wp-content\/uploads\/2025\/08\/2-768x960.png 768w\" sizes=\"(max-width: 1080px) 100vw, 1080px\" \/>\t\t\t\t\t\t\t\t\t\t\t\t\t\t\t<\/div>\n\t\t\t\t<\/div>\n\t\t\t\t\t<\/div>\n\t\t<\/div>\n\t\t\t\t\t<\/div>\n\t\t<\/section>\n\t\t\t\t<section class=\"has_eae_slider elementor-section elementor-top-section elementor-element elementor-element-3550d88 elementor-section-stretched elementor-section-boxed elementor-section-height-default elementor-section-height-default exad-glass-effect-no jltma-glass-effect-no exad-sticky-section-no\" data-eae-slider=\"94523\" data-id=\"3550d88\" data-element_type=\"section\" data-settings=\"{&quot;background_background&quot;:&quot;classic&quot;,&quot;stretch_section&quot;:&quot;section-stretched&quot;,&quot;_ha_eqh_enable&quot;:false}\">\n\t\t\t\t\t\t\t<div class=\"elementor-background-overlay\"><\/div>\n\t\t\t\t\t\t\t<div class=\"elementor-container elementor-column-gap-extended\">\n\t\t\t\t\t<div class=\"has_eae_slider elementor-column elementor-col-50 elementor-top-column elementor-element elementor-element-d6ee301 exad-glass-effect-no jltma-glass-effect-no exad-sticky-section-no\" data-eae-slider=\"87974\" data-id=\"d6ee301\" data-element_type=\"column\">\n\t\t\t<div class=\"elementor-widget-wrap elementor-element-populated\">\n\t\t\t\t\t\t<section class=\"has_eae_slider elementor-section elementor-inner-section elementor-element elementor-element-5d1f377 elementor-section-boxed elementor-section-height-default elementor-section-height-default exad-glass-effect-no jltma-glass-effect-no exad-sticky-section-no\" data-eae-slider=\"10842\" data-id=\"5d1f377\" data-element_type=\"section\" data-settings=\"{&quot;_ha_eqh_enable&quot;:false}\">\n\t\t\t\t\t\t<div class=\"elementor-container elementor-column-gap-extended\">\n\t\t\t\t\t<div class=\"has_eae_slider elementor-column elementor-col-100 elementor-inner-column elementor-element elementor-element-098c170 exad-glass-effect-no jltma-glass-effect-no exad-sticky-section-no\" data-eae-slider=\"60316\" data-id=\"098c170\" data-element_type=\"column\">\n\t\t\t<div class=\"elementor-widget-wrap elementor-element-populated\">\n\t\t\t\t\t\t<div class=\"elementor-element elementor-element-b0a37fc jltma-glass-effect-no exad-sticky-section-no exad-glass-effect-no elementor-widget elementor-widget-heading\" data-id=\"b0a37fc\" data-element_type=\"widget\" data-widget_type=\"heading.default\">\n\t\t\t\t<div class=\"elementor-widget-container\">\n\t\t\t\t\t<h2 class=\"elementor-heading-title elementor-size-default\">PROJEKT BEZPIECZNE KATOWICE<\/h2>\t\t\t\t<\/div>\n\t\t\t\t<\/div>\n\t\t\t\t<div class=\"elementor-element elementor-element-05658eb jltma-glass-effect-no exad-sticky-section-no exad-glass-effect-no elementor-widget elementor-widget-text-editor\" data-id=\"05658eb\" data-element_type=\"widget\" data-widget_type=\"text-editor.default\">\n\t\t\t\t<div class=\"elementor-widget-container\">\n\t\t\t\t\t\t\t\t\t<div class=\"xdj266r x14z9mp xat24cr x1lziwak x1vvkbs x126k92a\"><div dir=\"auto\">Projekt BEZPIECZNE KATOWICE powsta\u0142, aby dzia\u0142a\u0107 na rzecz poprawy bezpiecze\u0144stwa publicznego.<\/div><\/div><div class=\"x14z9mp xat24cr x1lziwak x1vvkbs xtlvy1s x126k92a\"><div dir=\"auto\">Naszym celem jest wykrywanie luk w systemie, wskazywanie, co nie dzia\u0142a, gdzie brakuje reakcji, procedur, nadzoru lub wsp\u00f3\u0142pracy s\u0142u\u017cb.<\/div><div dir=\"auto\">\u00a0<\/div><\/div><div class=\"x14z9mp xat24cr x1lziwak x1vvkbs xtlvy1s x126k92a\"><div dir=\"auto\"><span class=\"html-span xexx8yu xyri2b x18d9i69 x1c1uobl x1hl2dhg x16tdsg8 x1vvkbs x3nfvp2 x1j61x8r x1fcty0u xdj266r xat24cr xm2jcoa x1mpyi22 xxymvpz xlup9mm x1kky2od\"><img decoding=\"async\" class=\"xz74otr x15mokao x1ga7v0g x16uus16 xbiv7yw\" src=\"https:\/\/static.xx.fbcdn.net\/images\/emoji.php\/v9\/tf0\/2\/16\/1f449.png\" alt=\"\ud83d\udc49\" width=\"16\" height=\"16\" \/><\/span> Ale to nie wszystko \u2013 zajmujemy si\u0119 te\u017c edukacj\u0105:<\/div><div dir=\"auto\">\u00a0<\/div><div dir=\"auto\"><span class=\"html-span xexx8yu xyri2b x18d9i69 x1c1uobl x1hl2dhg x16tdsg8 x1vvkbs x3nfvp2 x1j61x8r x1fcty0u xdj266r xat24cr xm2jcoa x1mpyi22 xxymvpz xlup9mm x1kky2od\"><img decoding=\"async\" class=\"xz74otr x15mokao x1ga7v0g x16uus16 xbiv7yw\" src=\"https:\/\/static.xx.fbcdn.net\/images\/emoji.php\/v9\/td9\/2\/16\/1f6e1.png\" alt=\"\ud83d\udee1\ufe0f\" width=\"16\" height=\"16\" \/><\/span> pierwsza pomoc<\/div><div dir=\"auto\">\u00a0<\/div><div dir=\"auto\"><span class=\"html-span xexx8yu xyri2b x18d9i69 x1c1uobl x1hl2dhg x16tdsg8 x1vvkbs x3nfvp2 x1j61x8r x1fcty0u xdj266r xat24cr xm2jcoa x1mpyi22 xxymvpz xlup9mm x1kky2od\"><img decoding=\"async\" class=\"xz74otr x15mokao x1ga7v0g x16uus16 xbiv7yw\" src=\"https:\/\/static.xx.fbcdn.net\/images\/emoji.php\/v9\/td9\/2\/16\/1f6e1.png\" alt=\"\ud83d\udee1\ufe0f\" width=\"16\" height=\"16\" \/><\/span> przysposobienie obronne, edukacja spo\u0142eczna<\/div><div dir=\"auto\">\u00a0<\/div><div dir=\"auto\"><span class=\"html-span xexx8yu xyri2b x18d9i69 x1c1uobl x1hl2dhg x16tdsg8 x1vvkbs x3nfvp2 x1j61x8r x1fcty0u xdj266r xat24cr xm2jcoa x1mpyi22 xxymvpz xlup9mm x1kky2od\"><img decoding=\"async\" class=\"xz74otr x15mokao x1ga7v0g x16uus16 xbiv7yw\" src=\"https:\/\/static.xx.fbcdn.net\/images\/emoji.php\/v9\/td9\/2\/16\/1f6e1.png\" alt=\"\ud83d\udee1\ufe0f\" width=\"16\" height=\"16\" \/><\/span> reagowanie na przemoc, kataklizmy i zagro\u017cenia kryzysowe<\/div><div dir=\"auto\">\u00a0<\/div><\/div><div class=\"x14z9mp xat24cr x1lziwak x1vvkbs xtlvy1s x126k92a\"><div dir=\"auto\"><span class=\"html-span xexx8yu xyri2b x18d9i69 x1c1uobl x1hl2dhg x16tdsg8 x1vvkbs x3nfvp2 x1j61x8r x1fcty0u xdj266r xat24cr xm2jcoa x1mpyi22 xxymvpz xlup9mm x1kky2od\"><img loading=\"lazy\" decoding=\"async\" class=\"xz74otr x15mokao x1ga7v0g x16uus16 xbiv7yw\" src=\"https:\/\/static.xx.fbcdn.net\/images\/emoji.php\/v9\/td8\/2\/16\/1f4e2.png\" alt=\"\ud83d\udce2\" width=\"16\" height=\"16\" \/><\/span> Je\u015bli widzisz w swoim otoczeniu co\u015b, co zagra\u017ca bezpiecze\u0144stwu \u2013 napisz do nas.<\/div><div dir=\"auto\">\u00a0<\/div><div dir=\"auto\">B\u0119dziemy pokazywa\u0107, edukowa\u0107 i reagowa\u0107.<\/div><\/div><div class=\"x14z9mp xat24cr x1lziwak x1vvkbs xtlvy1s x126k92a\"><div dir=\"auto\">Bo bezpieczne Katowice to sprawa nas wszystkich.<\/div><\/div>\t\t\t\t\t\t\t\t<\/div>\n\t\t\t\t<\/div>\n\t\t\t\t\t<\/div>\n\t\t<\/div>\n\t\t\t\t\t<\/div>\n\t\t<\/section>\n\t\t\t\t\t<\/div>\n\t\t<\/div>\n\t\t\t\t<div class=\"has_eae_slider elementor-column elementor-col-50 elementor-top-column elementor-element elementor-element-548e52f exad-glass-effect-no jltma-glass-effect-no exad-sticky-section-no\" data-eae-slider=\"99237\" data-id=\"548e52f\" data-element_type=\"column\">\n\t\t\t<div class=\"elementor-widget-wrap elementor-element-populated\">\n\t\t\t\t\t\t<div class=\"elementor-element elementor-element-be19d3c jltma-glass-effect-no exad-sticky-section-no exad-glass-effect-no elementor-widget elementor-widget-heading\" data-id=\"be19d3c\" data-element_type=\"widget\" data-widget_type=\"heading.default\">\n\t\t\t\t<div class=\"elementor-widget-container\">\n\t\t\t\t\t<h2 class=\"elementor-heading-title elementor-size-default\">Nasz Facebook<\/h2>\t\t\t\t<\/div>\n\t\t\t\t<\/div>\n\t\t\t\t<div class=\"elementor-element elementor-element-2342280 elementor-align-left jltma-glass-effect-no exad-sticky-section-no exad-glass-effect-no elementor-widget elementor-widget-button\" data-id=\"2342280\" data-element_type=\"widget\" data-widget_type=\"button.default\">\n\t\t\t\t<div class=\"elementor-widget-container\">\n\t\t\t\t\t\t\t\t\t<div class=\"elementor-button-wrapper\">\n\t\t\t\t\t<a class=\"elementor-button elementor-button-link elementor-size-sm elementor-animation-bounce-in\" href=\"https:\/\/www.facebook.com\/profile.php?id=61579262603816\">\n\t\t\t\t\t\t<span class=\"elementor-button-content-wrapper\">\n\t\t\t\t\t\t\t\t\t<span class=\"elementor-button-text\">Kliknij i polub!<\/span>\n\t\t\t\t\t<\/span>\n\t\t\t\t\t<\/a>\n\t\t\t\t<\/div>\n\t\t\t\t\t\t\t\t<\/div>\n\t\t\t\t<\/div>\n\t\t\t\t\t<\/div>\n\t\t<\/div>\n\t\t\t\t\t<\/div>\n\t\t<\/section>\n\t\t\t\t<section class=\"has_eae_slider elementor-section elementor-top-section elementor-element elementor-element-30fb618 elementor-section-boxed elementor-section-height-default elementor-section-height-default exad-glass-effect-no jltma-glass-effect-no exad-sticky-section-no\" data-eae-slider=\"22064\" data-id=\"30fb618\" data-element_type=\"section\" data-settings=\"{&quot;_ha_eqh_enable&quot;:false}\">\n\t\t\t\t\t\t<div class=\"elementor-container elementor-column-gap-default\">\n\t\t\t\t\t<div class=\"has_eae_slider elementor-column elementor-col-100 elementor-top-column elementor-element elementor-element-a6cee94 exad-glass-effect-no jltma-glass-effect-no exad-sticky-section-no\" data-eae-slider=\"30541\" data-id=\"a6cee94\" data-element_type=\"column\">\n\t\t\t<div class=\"elementor-widget-wrap elementor-element-populated\">\n\t\t\t\t\t\t<div class=\"elementor-element elementor-element-ded89d3 jltma-glass-effect-no exad-sticky-section-no exad-glass-effect-no elementor-widget elementor-widget-spacer\" data-id=\"ded89d3\" data-element_type=\"widget\" data-widget_type=\"spacer.default\">\n\t\t\t\t<div class=\"elementor-widget-container\">\n\t\t\t\t\t\t\t<div class=\"elementor-spacer\">\n\t\t\t<div class=\"elementor-spacer-inner\"><\/div>\n\t\t<\/div>\n\t\t\t\t\t\t<\/div>\n\t\t\t\t<\/div>\n\t\t\t\t\t<\/div>\n\t\t<\/div>\n\t\t\t\t\t<\/div>\n\t\t<\/section>\n\t\t\t\t<\/div>\n\t\t","protected":false},"excerpt":{"rendered":"<p>PROJEKT BEZPIECZNE KATOWICE Projekt BEZPIECZNE KATOWICE powsta\u0142, aby dzia\u0142a\u0107 na rzecz poprawy bezpiecze\u0144stwa publicznego.Naszym celem jest wykrywanie luk w systemie, wskazywanie, co nie dzia\u0142a, gdzie brakuje reakcji, procedur, nadzoru lub wsp\u00f3\u0142pracy s\u0142u\u017cb.\u00a0 Ale to nie wszystko \u2013 zajmujemy si\u0119 te\u017c edukacj\u0105:\u00a0 pierwsza pomoc\u00a0 przysposobienie obronne, edukacja spo\u0142eczna\u00a0 reagowanie na przemoc, kataklizmy i zagro\u017cenia kryzysowe\u00a0 Je\u015bli&hellip;&nbsp;<a href=\"https:\/\/ratujemy.org\/index.php\/projekt-bezpieczne-katowice\/\" rel=\"bookmark\">Dowiedz si\u0119 wi\u0119cej &raquo;<span class=\"screen-reader-text\">PROJEKT BEZPIECZNE KATOWICE<\/span><\/a><\/p>\n","protected":false},"author":1,"featured_media":0,"parent":0,"menu_order":0,"comment_status":"closed","ping_status":"closed","template":"page-templates\/template-pagebuilder-full-width.php","meta":{"neve_meta_sidebar":"","neve_meta_container":"","neve_meta_enable_content_width":"","neve_meta_content_width":0,"neve_meta_title_alignment":"","neve_meta_author_avatar":"","neve_post_elements_order":"","neve_meta_disable_header":"","neve_meta_disable_footer":"","neve_meta_disable_title":"","footnotes":""},"yoast_head":"<!-- This site is optimized with the Yoast SEO plugin v24.5 - https:\/\/yoast.com\/wordpress\/plugins\/seo\/ -->\n<title>PROJEKT BEZPIECZNE KATOWICE - Ratujemy<\/title>\n<meta name=\"description\" content=\"PROJEKT BEZPIECZNE KATOWICE - To projekt przeznaczony dla mieszka\u0144c\u00f3w Katowic, aby zwi\u0119ksza\u0107 bezpiecze\u0144stwo w naszym mie\u015bcie...\" \/>\n<meta name=\"robots\" content=\"index, follow, max-snippet:-1, max-image-preview:large, max-video-preview:-1\" \/>\n<link rel=\"canonical\" href=\"https:\/\/ratujemy.org\/index.php\/projekt-bezpieczne-katowice\/\" \/>\n<meta property=\"og:locale\" content=\"pl_PL\" \/>\n<meta property=\"og:type\" content=\"article\" \/>\n<meta property=\"og:title\" content=\"PROJEKT BEZPIECZNE KATOWICE - Ratujemy\" \/>\n<meta property=\"og:description\" content=\"PROJEKT BEZPIECZNE KATOWICE - To projekt przeznaczony dla mieszka\u0144c\u00f3w Katowic, aby zwi\u0119ksza\u0107 bezpiecze\u0144stwo w naszym mie\u015bcie...\" \/>\n<meta property=\"og:url\" content=\"https:\/\/ratujemy.org\/index.php\/projekt-bezpieczne-katowice\/\" \/>\n<meta property=\"og:site_name\" content=\"Ratujemy\" \/>\n<meta property=\"article:publisher\" content=\"https:\/\/www.facebook.com\/stowarzyszenieratujemy\" \/>\n<meta property=\"article:modified_time\" content=\"2025-08-22T16:13:42+00:00\" \/>\n<meta property=\"og:image\" content=\"https:\/\/ratujemy.org\/wp-content\/uploads\/2025\/08\/2.png\" \/>\n\t<meta property=\"og:image:width\" content=\"1080\" \/>\n\t<meta property=\"og:image:height\" content=\"1350\" \/>\n\t<meta property=\"og:image:type\" content=\"image\/png\" \/>\n<meta name=\"twitter:card\" content=\"summary_large_image\" \/>\n<meta name=\"twitter:label1\" content=\"Szacowany czas czytania\" \/>\n\t<meta name=\"twitter:data1\" content=\"2 minuty\" \/>\n<script type=\"application\/ld+json\" class=\"yoast-schema-graph\">{\"@context\":\"https:\/\/schema.org\",\"@graph\":[{\"@type\":\"WebPage\",\"@id\":\"https:\/\/ratujemy.org\/index.php\/projekt-bezpieczne-katowice\/\",\"url\":\"https:\/\/ratujemy.org\/index.php\/projekt-bezpieczne-katowice\/\",\"name\":\"PROJEKT BEZPIECZNE KATOWICE - Ratujemy\",\"isPartOf\":{\"@id\":\"https:\/\/ratujemy.org\/#website\"},\"primaryImageOfPage\":{\"@id\":\"https:\/\/ratujemy.org\/index.php\/projekt-bezpieczne-katowice\/#primaryimage\"},\"image\":{\"@id\":\"https:\/\/ratujemy.org\/index.php\/projekt-bezpieczne-katowice\/#primaryimage\"},\"thumbnailUrl\":\"https:\/\/ratujemy.org\/wp-content\/uploads\/2025\/08\/2.png\",\"datePublished\":\"2025-08-22T16:00:02+00:00\",\"dateModified\":\"2025-08-22T16:13:42+00:00\",\"description\":\"PROJEKT BEZPIECZNE KATOWICE - To projekt przeznaczony dla mieszka\u0144c\u00f3w Katowic, aby zwi\u0119ksza\u0107 bezpiecze\u0144stwo w naszym mie\u015bcie...\",\"breadcrumb\":{\"@id\":\"https:\/\/ratujemy.org\/index.php\/projekt-bezpieczne-katowice\/#breadcrumb\"},\"inLanguage\":\"pl-PL\",\"potentialAction\":[{\"@type\":\"ReadAction\",\"target\":[\"https:\/\/ratujemy.org\/index.php\/projekt-bezpieczne-katowice\/\"]}]},{\"@type\":\"ImageObject\",\"inLanguage\":\"pl-PL\",\"@id\":\"https:\/\/ratujemy.org\/index.php\/projekt-bezpieczne-katowice\/#primaryimage\",\"url\":\"https:\/\/ratujemy.org\/wp-content\/uploads\/2025\/08\/2.png\",\"contentUrl\":\"https:\/\/ratujemy.org\/wp-content\/uploads\/2025\/08\/2.png\",\"width\":1080,\"height\":1350},{\"@type\":\"BreadcrumbList\",\"@id\":\"https:\/\/ratujemy.org\/index.php\/projekt-bezpieczne-katowice\/#breadcrumb\",\"itemListElement\":[{\"@type\":\"ListItem\",\"position\":1,\"name\":\"Strona g\u0142\u00f3wna\",\"item\":\"https:\/\/ratujemy.org\/\"},{\"@type\":\"ListItem\",\"position\":2,\"name\":\"PROJEKT BEZPIECZNE KATOWICE\"}]},{\"@type\":\"WebSite\",\"@id\":\"https:\/\/ratujemy.org\/#website\",\"url\":\"https:\/\/ratujemy.org\/\",\"name\":\"Ratujemy\",\"description\":\"Uczymy pomaga\u0107\",\"publisher\":{\"@id\":\"https:\/\/ratujemy.org\/#organization\"},\"potentialAction\":[{\"@type\":\"SearchAction\",\"target\":{\"@type\":\"EntryPoint\",\"urlTemplate\":\"https:\/\/ratujemy.org\/?s={search_term_string}\"},\"query-input\":{\"@type\":\"PropertyValueSpecification\",\"valueRequired\":true,\"valueName\":\"search_term_string\"}}],\"inLanguage\":\"pl-PL\"},{\"@type\":\"Organization\",\"@id\":\"https:\/\/ratujemy.org\/#organization\",\"name\":\"Stowarzyszenie Ratujemy+\",\"url\":\"https:\/\/ratujemy.org\/\",\"logo\":{\"@type\":\"ImageObject\",\"inLanguage\":\"pl-PL\",\"@id\":\"https:\/\/ratujemy.org\/#\/schema\/logo\/image\/\",\"url\":\"https:\/\/ratujemy.org\/wp-content\/uploads\/2021\/11\/1.jpg\",\"contentUrl\":\"https:\/\/ratujemy.org\/wp-content\/uploads\/2021\/11\/1.jpg\",\"width\":2500,\"height\":2500,\"caption\":\"Stowarzyszenie Ratujemy+\"},\"image\":{\"@id\":\"https:\/\/ratujemy.org\/#\/schema\/logo\/image\/\"},\"sameAs\":[\"https:\/\/www.facebook.com\/stowarzyszenieratujemy\",\"https:\/\/instagram.com\/ratujemy_\"]}]}<\/script>\n<!-- \/ Yoast SEO plugin. -->","yoast_head_json":{"title":"PROJEKT BEZPIECZNE KATOWICE - Ratujemy","description":"PROJEKT BEZPIECZNE KATOWICE - To projekt przeznaczony dla mieszka\u0144c\u00f3w Katowic, aby zwi\u0119ksza\u0107 bezpiecze\u0144stwo w naszym mie\u015bcie...","robots":{"index":"index","follow":"follow","max-snippet":"max-snippet:-1","max-image-preview":"max-image-preview:large","max-video-preview":"max-video-preview:-1"},"canonical":"https:\/\/ratujemy.org\/index.php\/projekt-bezpieczne-katowice\/","og_locale":"pl_PL","og_type":"article","og_title":"PROJEKT BEZPIECZNE KATOWICE - Ratujemy","og_description":"PROJEKT BEZPIECZNE KATOWICE - To projekt przeznaczony dla mieszka\u0144c\u00f3w Katowic, aby zwi\u0119ksza\u0107 bezpiecze\u0144stwo w naszym mie\u015bcie...","og_url":"https:\/\/ratujemy.org\/index.php\/projekt-bezpieczne-katowice\/","og_site_name":"Ratujemy","article_publisher":"https:\/\/www.facebook.com\/stowarzyszenieratujemy","article_modified_time":"2025-08-22T16:13:42+00:00","og_image":[{"width":1080,"height":1350,"url":"https:\/\/ratujemy.org\/wp-content\/uploads\/2025\/08\/2.png","type":"image\/png"}],"twitter_card":"summary_large_image","twitter_misc":{"Szacowany czas czytania":"2 minuty"},"schema":{"@context":"https:\/\/schema.org","@graph":[{"@type":"WebPage","@id":"https:\/\/ratujemy.org\/index.php\/projekt-bezpieczne-katowice\/","url":"https:\/\/ratujemy.org\/index.php\/projekt-bezpieczne-katowice\/","name":"PROJEKT BEZPIECZNE KATOWICE - Ratujemy","isPartOf":{"@id":"https:\/\/ratujemy.org\/#website"},"primaryImageOfPage":{"@id":"https:\/\/ratujemy.org\/index.php\/projekt-bezpieczne-katowice\/#primaryimage"},"image":{"@id":"https:\/\/ratujemy.org\/index.php\/projekt-bezpieczne-katowice\/#primaryimage"},"thumbnailUrl":"https:\/\/ratujemy.org\/wp-content\/uploads\/2025\/08\/2.png","datePublished":"2025-08-22T16:00:02+00:00","dateModified":"2025-08-22T16:13:42+00:00","description":"PROJEKT BEZPIECZNE KATOWICE - To projekt przeznaczony dla mieszka\u0144c\u00f3w Katowic, aby zwi\u0119ksza\u0107 bezpiecze\u0144stwo w naszym mie\u015bcie...","breadcrumb":{"@id":"https:\/\/ratujemy.org\/index.php\/projekt-bezpieczne-katowice\/#breadcrumb"},"inLanguage":"pl-PL","potentialAction":[{"@type":"ReadAction","target":["https:\/\/ratujemy.org\/index.php\/projekt-bezpieczne-katowice\/"]}]},{"@type":"ImageObject","inLanguage":"pl-PL","@id":"https:\/\/ratujemy.org\/index.php\/projekt-bezpieczne-katowice\/#primaryimage","url":"https:\/\/ratujemy.org\/wp-content\/uploads\/2025\/08\/2.png","contentUrl":"https:\/\/ratujemy.org\/wp-content\/uploads\/2025\/08\/2.png","width":1080,"height":1350},{"@type":"BreadcrumbList","@id":"https:\/\/ratujemy.org\/index.php\/projekt-bezpieczne-katowice\/#breadcrumb","itemListElement":[{"@type":"ListItem","position":1,"name":"Strona g\u0142\u00f3wna","item":"https:\/\/ratujemy.org\/"},{"@type":"ListItem","position":2,"name":"PROJEKT BEZPIECZNE KATOWICE"}]},{"@type":"WebSite","@id":"https:\/\/ratujemy.org\/#website","url":"https:\/\/ratujemy.org\/","name":"Ratujemy","description":"Uczymy pomaga\u0107","publisher":{"@id":"https:\/\/ratujemy.org\/#organization"},"potentialAction":[{"@type":"SearchAction","target":{"@type":"EntryPoint","urlTemplate":"https:\/\/ratujemy.org\/?s={search_term_string}"},"query-input":{"@type":"PropertyValueSpecification","valueRequired":true,"valueName":"search_term_string"}}],"inLanguage":"pl-PL"},{"@type":"Organization","@id":"https:\/\/ratujemy.org\/#organization","name":"Stowarzyszenie Ratujemy+","url":"https:\/\/ratujemy.org\/","logo":{"@type":"ImageObject","inLanguage":"pl-PL","@id":"https:\/\/ratujemy.org\/#\/schema\/logo\/image\/","url":"https:\/\/ratujemy.org\/wp-content\/uploads\/2021\/11\/1.jpg","contentUrl":"https:\/\/ratujemy.org\/wp-content\/uploads\/2021\/11\/1.jpg","width":2500,"height":2500,"caption":"Stowarzyszenie Ratujemy+"},"image":{"@id":"https:\/\/ratujemy.org\/#\/schema\/logo\/image\/"},"sameAs":["https:\/\/www.facebook.com\/stowarzyszenieratujemy","https:\/\/instagram.com\/ratujemy_"]}]}},"_links":{"self":[{"href":"https:\/\/ratujemy.org\/index.php\/wp-json\/wp\/v2\/pages\/3251"}],"collection":[{"href":"https:\/\/ratujemy.org\/index.php\/wp-json\/wp\/v2\/pages"}],"about":[{"href":"https:\/\/ratujemy.org\/index.php\/wp-json\/wp\/v2\/types\/page"}],"author":[{"embeddable":true,"href":"https:\/\/ratujemy.org\/index.php\/wp-json\/wp\/v2\/users\/1"}],"replies":[{"embeddable":true,"href":"https:\/\/ratujemy.org\/index.php\/wp-json\/wp\/v2\/comments?post=3251"}],"version-history":[{"count":7,"href":"https:\/\/ratujemy.org\/index.php\/wp-json\/wp\/v2\/pages\/3251\/revisions"}],"predecessor-version":[{"id":3265,"href":"https:\/\/ratujemy.org\/index.php\/wp-json\/wp\/v2\/pages\/3251\/revisions\/3265"}],"wp:attachment":[{"href":"https:\/\/ratujemy.org\/index.php\/wp-json\/wp\/v2\/media?parent=3251"}],"curies":[{"name":"wp","href":"https:\/\/api.w.org\/{rel}","templated":true}]}}