{"id":3164,"date":"2023-06-19T13:39:46","date_gmt":"2023-06-19T11:39:46","guid":{"rendered":"https:\/\/ratujemy.org\/?page_id=3164"},"modified":"2023-06-19T13:39:47","modified_gmt":"2023-06-19T11:39:47","slug":"zabezpieczenie-medyczne-forum-gen-pl","status":"publish","type":"page","link":"https:\/\/ratujemy.org\/index.php\/zabezpieczenie-medyczne-forum-gen-pl\/","title":{"rendered":"Zabezpieczenie medyczne FORUM GEN.PL"},"content":{"rendered":"","protected":false},"excerpt":{"rendered":"","protected":false},"author":1,"featured_media":3129,"parent":0,"menu_order":0,"comment_status":"closed","ping_status":"closed","template":"page-templates\/template-pagebuilder-full-width.php","meta":{"neve_meta_sidebar":"","neve_meta_container":"","neve_meta_enable_content_width":"","neve_meta_content_width":0,"neve_meta_title_alignment":"","neve_meta_author_avatar":"","neve_post_elements_order":"","neve_meta_disable_header":"","neve_meta_disable_footer":"","neve_meta_disable_title":"","footnotes":""},"yoast_head":"<!-- This site is optimized with the Yoast SEO plugin v24.5 - https:\/\/yoast.com\/wordpress\/plugins\/seo\/ -->\n<title>Zabezpieczenie medyczne FORUM GEN.PL - Ratujemy<\/title>\n<meta name=\"description\" content=\"Zabezpieczenie medyczne FORUM GEN.PL w\u00a0 Katowickim Parku Le\u015bnym w Katowicach. Czytaj wi\u0119cej w nowym po\u015bcie \u26d1\ufe0f\u2705\" \/>\n<meta name=\"robots\" content=\"index, follow, max-snippet:-1, max-image-preview:large, max-video-preview:-1\" \/>\n<link rel=\"canonical\" href=\"https:\/\/ratujemy.org\/index.php\/zabezpieczenie-medyczne-forum-gen-pl\/\" \/>\n<meta property=\"og:locale\" content=\"pl_PL\" \/>\n<meta property=\"og:type\" content=\"article\" \/>\n<meta property=\"og:title\" content=\"Zabezpieczenie medyczne FORUM GEN.PL - Ratujemy\" \/>\n<meta property=\"og:description\" content=\"Zabezpieczenie medyczne FORUM GEN.PL w\u00a0 Katowickim Parku Le\u015bnym w Katowicach. Czytaj wi\u0119cej w nowym po\u015bcie \u26d1\ufe0f\u2705\" \/>\n<meta property=\"og:url\" content=\"https:\/\/ratujemy.org\/index.php\/zabezpieczenie-medyczne-forum-gen-pl\/\" \/>\n<meta property=\"og:site_name\" content=\"Ratujemy\" \/>\n<meta property=\"article:publisher\" content=\"https:\/\/www.facebook.com\/stowarzyszenieratujemy\" \/>\n<meta property=\"article:modified_time\" content=\"2023-06-19T11:39:47+00:00\" \/>\n<meta property=\"og:image\" content=\"https:\/\/ratujemy.org\/wp-content\/uploads\/2023\/06\/IMG_4121-scaled.jpeg\" \/>\n\t<meta property=\"og:image:width\" content=\"2560\" \/>\n\t<meta property=\"og:image:height\" content=\"1920\" \/>\n\t<meta property=\"og:image:type\" content=\"image\/jpeg\" \/>\n<meta name=\"twitter:card\" content=\"summary_large_image\" \/>\n<script type=\"application\/ld+json\" class=\"yoast-schema-graph\">{\"@context\":\"https:\/\/schema.org\",\"@graph\":[{\"@type\":\"WebPage\",\"@id\":\"https:\/\/ratujemy.org\/index.php\/zabezpieczenie-medyczne-forum-gen-pl\/\",\"url\":\"https:\/\/ratujemy.org\/index.php\/zabezpieczenie-medyczne-forum-gen-pl\/\",\"name\":\"Zabezpieczenie medyczne FORUM GEN.PL - Ratujemy\",\"isPartOf\":{\"@id\":\"https:\/\/ratujemy.org\/#website\"},\"primaryImageOfPage\":{\"@id\":\"https:\/\/ratujemy.org\/index.php\/zabezpieczenie-medyczne-forum-gen-pl\/#primaryimage\"},\"image\":{\"@id\":\"https:\/\/ratujemy.org\/index.php\/zabezpieczenie-medyczne-forum-gen-pl\/#primaryimage\"},\"thumbnailUrl\":\"https:\/\/ratujemy.org\/wp-content\/uploads\/2023\/06\/IMG_4121-scaled.jpeg\",\"datePublished\":\"2023-06-19T11:39:46+00:00\",\"dateModified\":\"2023-06-19T11:39:47+00:00\",\"description\":\"Zabezpieczenie medyczne FORUM GEN.PL w\u00a0 Katowickim Parku Le\u015bnym w Katowicach. Czytaj wi\u0119cej w nowym po\u015bcie \u26d1\ufe0f\u2705\",\"breadcrumb\":{\"@id\":\"https:\/\/ratujemy.org\/index.php\/zabezpieczenie-medyczne-forum-gen-pl\/#breadcrumb\"},\"inLanguage\":\"pl-PL\",\"potentialAction\":[{\"@type\":\"ReadAction\",\"target\":[\"https:\/\/ratujemy.org\/index.php\/zabezpieczenie-medyczne-forum-gen-pl\/\"]}]},{\"@type\":\"ImageObject\",\"inLanguage\":\"pl-PL\",\"@id\":\"https:\/\/ratujemy.org\/index.php\/zabezpieczenie-medyczne-forum-gen-pl\/#primaryimage\",\"url\":\"https:\/\/ratujemy.org\/wp-content\/uploads\/2023\/06\/IMG_4121-scaled.jpeg\",\"contentUrl\":\"https:\/\/ratujemy.org\/wp-content\/uploads\/2023\/06\/IMG_4121-scaled.jpeg\",\"width\":2560,\"height\":1920},{\"@type\":\"BreadcrumbList\",\"@id\":\"https:\/\/ratujemy.org\/index.php\/zabezpieczenie-medyczne-forum-gen-pl\/#breadcrumb\",\"itemListElement\":[{\"@type\":\"ListItem\",\"position\":1,\"name\":\"Strona g\u0142\u00f3wna\",\"item\":\"https:\/\/ratujemy.org\/\"},{\"@type\":\"ListItem\",\"position\":2,\"name\":\"Zabezpieczenie medyczne FORUM GEN.PL\"}]},{\"@type\":\"WebSite\",\"@id\":\"https:\/\/ratujemy.org\/#website\",\"url\":\"https:\/\/ratujemy.org\/\",\"name\":\"Ratujemy\",\"description\":\"Uczymy pomaga\u0107\",\"publisher\":{\"@id\":\"https:\/\/ratujemy.org\/#organization\"},\"potentialAction\":[{\"@type\":\"SearchAction\",\"target\":{\"@type\":\"EntryPoint\",\"urlTemplate\":\"https:\/\/ratujemy.org\/?s={search_term_string}\"},\"query-input\":{\"@type\":\"PropertyValueSpecification\",\"valueRequired\":true,\"valueName\":\"search_term_string\"}}],\"inLanguage\":\"pl-PL\"},{\"@type\":\"Organization\",\"@id\":\"https:\/\/ratujemy.org\/#organization\",\"name\":\"Stowarzyszenie Ratujemy+\",\"url\":\"https:\/\/ratujemy.org\/\",\"logo\":{\"@type\":\"ImageObject\",\"inLanguage\":\"pl-PL\",\"@id\":\"https:\/\/ratujemy.org\/#\/schema\/logo\/image\/\",\"url\":\"https:\/\/ratujemy.org\/wp-content\/uploads\/2021\/11\/1.jpg\",\"contentUrl\":\"https:\/\/ratujemy.org\/wp-content\/uploads\/2021\/11\/1.jpg\",\"width\":2500,\"height\":2500,\"caption\":\"Stowarzyszenie Ratujemy+\"},\"image\":{\"@id\":\"https:\/\/ratujemy.org\/#\/schema\/logo\/image\/\"},\"sameAs\":[\"https:\/\/www.facebook.com\/stowarzyszenieratujemy\",\"https:\/\/instagram.com\/ratujemy_\"]}]}<\/script>\n<!-- \/ Yoast SEO plugin. -->","yoast_head_json":{"title":"Zabezpieczenie medyczne FORUM GEN.PL - Ratujemy","description":"Zabezpieczenie medyczne FORUM GEN.PL w\u00a0 Katowickim Parku Le\u015bnym w Katowicach. Czytaj wi\u0119cej w nowym po\u015bcie \u26d1\ufe0f\u2705","robots":{"index":"index","follow":"follow","max-snippet":"max-snippet:-1","max-image-preview":"max-image-preview:large","max-video-preview":"max-video-preview:-1"},"canonical":"https:\/\/ratujemy.org\/index.php\/zabezpieczenie-medyczne-forum-gen-pl\/","og_locale":"pl_PL","og_type":"article","og_title":"Zabezpieczenie medyczne FORUM GEN.PL - Ratujemy","og_description":"Zabezpieczenie medyczne FORUM GEN.PL w\u00a0 Katowickim Parku Le\u015bnym w Katowicach. Czytaj wi\u0119cej w nowym po\u015bcie \u26d1\ufe0f\u2705","og_url":"https:\/\/ratujemy.org\/index.php\/zabezpieczenie-medyczne-forum-gen-pl\/","og_site_name":"Ratujemy","article_publisher":"https:\/\/www.facebook.com\/stowarzyszenieratujemy","article_modified_time":"2023-06-19T11:39:47+00:00","og_image":[{"width":2560,"height":1920,"url":"https:\/\/ratujemy.org\/wp-content\/uploads\/2023\/06\/IMG_4121-scaled.jpeg","type":"image\/jpeg"}],"twitter_card":"summary_large_image","schema":{"@context":"https:\/\/schema.org","@graph":[{"@type":"WebPage","@id":"https:\/\/ratujemy.org\/index.php\/zabezpieczenie-medyczne-forum-gen-pl\/","url":"https:\/\/ratujemy.org\/index.php\/zabezpieczenie-medyczne-forum-gen-pl\/","name":"Zabezpieczenie medyczne FORUM GEN.PL - Ratujemy","isPartOf":{"@id":"https:\/\/ratujemy.org\/#website"},"primaryImageOfPage":{"@id":"https:\/\/ratujemy.org\/index.php\/zabezpieczenie-medyczne-forum-gen-pl\/#primaryimage"},"image":{"@id":"https:\/\/ratujemy.org\/index.php\/zabezpieczenie-medyczne-forum-gen-pl\/#primaryimage"},"thumbnailUrl":"https:\/\/ratujemy.org\/wp-content\/uploads\/2023\/06\/IMG_4121-scaled.jpeg","datePublished":"2023-06-19T11:39:46+00:00","dateModified":"2023-06-19T11:39:47+00:00","description":"Zabezpieczenie medyczne FORUM GEN.PL w\u00a0 Katowickim Parku Le\u015bnym w Katowicach. Czytaj wi\u0119cej w nowym po\u015bcie \u26d1\ufe0f\u2705","breadcrumb":{"@id":"https:\/\/ratujemy.org\/index.php\/zabezpieczenie-medyczne-forum-gen-pl\/#breadcrumb"},"inLanguage":"pl-PL","potentialAction":[{"@type":"ReadAction","target":["https:\/\/ratujemy.org\/index.php\/zabezpieczenie-medyczne-forum-gen-pl\/"]}]},{"@type":"ImageObject","inLanguage":"pl-PL","@id":"https:\/\/ratujemy.org\/index.php\/zabezpieczenie-medyczne-forum-gen-pl\/#primaryimage","url":"https:\/\/ratujemy.org\/wp-content\/uploads\/2023\/06\/IMG_4121-scaled.jpeg","contentUrl":"https:\/\/ratujemy.org\/wp-content\/uploads\/2023\/06\/IMG_4121-scaled.jpeg","width":2560,"height":1920},{"@type":"BreadcrumbList","@id":"https:\/\/ratujemy.org\/index.php\/zabezpieczenie-medyczne-forum-gen-pl\/#breadcrumb","itemListElement":[{"@type":"ListItem","position":1,"name":"Strona g\u0142\u00f3wna","item":"https:\/\/ratujemy.org\/"},{"@type":"ListItem","position":2,"name":"Zabezpieczenie medyczne FORUM GEN.PL"}]},{"@type":"WebSite","@id":"https:\/\/ratujemy.org\/#website","url":"https:\/\/ratujemy.org\/","name":"Ratujemy","description":"Uczymy pomaga\u0107","publisher":{"@id":"https:\/\/ratujemy.org\/#organization"},"potentialAction":[{"@type":"SearchAction","target":{"@type":"EntryPoint","urlTemplate":"https:\/\/ratujemy.org\/?s={search_term_string}"},"query-input":{"@type":"PropertyValueSpecification","valueRequired":true,"valueName":"search_term_string"}}],"inLanguage":"pl-PL"},{"@type":"Organization","@id":"https:\/\/ratujemy.org\/#organization","name":"Stowarzyszenie Ratujemy+","url":"https:\/\/ratujemy.org\/","logo":{"@type":"ImageObject","inLanguage":"pl-PL","@id":"https:\/\/ratujemy.org\/#\/schema\/logo\/image\/","url":"https:\/\/ratujemy.org\/wp-content\/uploads\/2021\/11\/1.jpg","contentUrl":"https:\/\/ratujemy.org\/wp-content\/uploads\/2021\/11\/1.jpg","width":2500,"height":2500,"caption":"Stowarzyszenie Ratujemy+"},"image":{"@id":"https:\/\/ratujemy.org\/#\/schema\/logo\/image\/"},"sameAs":["https:\/\/www.facebook.com\/stowarzyszenieratujemy","https:\/\/instagram.com\/ratujemy_"]}]}},"_links":{"self":[{"href":"https:\/\/ratujemy.org\/index.php\/wp-json\/wp\/v2\/pages\/3164"}],"collection":[{"href":"https:\/\/ratujemy.org\/index.php\/wp-json\/wp\/v2\/pages"}],"about":[{"href":"https:\/\/ratujemy.org\/index.php\/wp-json\/wp\/v2\/types\/page"}],"author":[{"embeddable":true,"href":"https:\/\/ratujemy.org\/index.php\/wp-json\/wp\/v2\/users\/1"}],"replies":[{"embeddable":true,"href":"https:\/\/ratujemy.org\/index.php\/wp-json\/wp\/v2\/comments?post=3164"}],"version-history":[{"count":1,"href":"https:\/\/ratujemy.org\/index.php\/wp-json\/wp\/v2\/pages\/3164\/revisions"}],"predecessor-version":[{"id":3165,"href":"https:\/\/ratujemy.org\/index.php\/wp-json\/wp\/v2\/pages\/3164\/revisions\/3165"}],"wp:featuredmedia":[{"embeddable":true,"href":"https:\/\/ratujemy.org\/index.php\/wp-json\/wp\/v2\/media\/3129"}],"wp:attachment":[{"href":"https:\/\/ratujemy.org\/index.php\/wp-json\/wp\/v2\/media?parent=3164"}],"curies":[{"name":"wp","href":"https:\/\/api.w.org\/{rel}","templated":true}]}}